{"id":1135,"date":"2021-01-27T15:57:44","date_gmt":"2021-01-27T12:57:44","guid":{"rendered":"https:\/\/musikbingo.se\/?page_id=1135"},"modified":"2021-03-04T22:38:00","modified_gmt":"2021-03-04T21:38:00","slug":"gdpr","status":"publish","type":"page","link":"https:\/\/musikbingo.se\/en\/gdpr\/","title":{"rendered":"GDPR"},"content":{"rendered":"<div class=\"fusion-fullwidth fullwidth-box fusion-builder-row-1 fusion-flex-container nonhundred-percent-fullwidth non-hundred-percent-height-scrolling\" style=\"background-color: rgba(255,255,255,0);background-position: center center;background-repeat: no-repeat;border-width: 0px 0px 0px 0px;border-color:#eae9e9;border-style:solid;\" ><div class=\"fusion-builder-row fusion-row fusion-flex-align-items-flex-start\" style=\"max-width:1185.6px;margin-left: calc(-4% \/ 2 );margin-right: calc(-4% \/ 2 );\"><div class=\"fusion-layout-column fusion_builder_column fusion-builder-column-0 fusion_builder_column_1_1 1_1 fusion-flex-column\"><div class=\"fusion-column-wrapper fusion-flex-justify-content-flex-start fusion-content-layout-column\" style=\"background-position:left top;background-repeat:no-repeat;-webkit-background-size:cover;-moz-background-size:cover;-o-background-size:cover;background-size:cover;padding: 0px 0px 0px 0px;\"><div class=\"fusion-text fusion-text-1\"><h2>GDPR<\/h2>\n<p>Eftersom vi endast s\u00e4ljer till f\u00f6retag s\u00e5 samlar vi i allm\u00e4nhet inte in personliga uppgifter. Men i de fall det h\u00e4nder, t.ex. n\u00e4r privatpersoner kontaktar oss och l\u00e4mnar ut sin e-postadress m.m. s\u00e5 finns f\u00e5r du information om detta h\u00e4r nedan.<br \/>\nEn personuppgift \u00e4r en upplysning som handlar om dig och identifierar dig personligen. Det kan t ex handla om namn, adress, e-postadress, telefonnummer, bild eller personnummer. Vi \u00e4r personuppgiftsansvariga f\u00f6r de personuppgifter som du skickar till oss och de vi inh\u00e4mtar om dig fr\u00e5n andra f\u00f6retag och myndigheter. Vi ansvarar f\u00f6r dessa personuppgifter i enlighet med g\u00e4llande dataskyddsbest\u00e4mmelser. Vi kan samla in olika typer av personuppgifter om dig i samband med att du bes\u00f6ker v\u00e5ra webbsidor, best\u00e4ller eller k\u00f6per v\u00e5ra produkter, anv\u00e4nder v\u00e5ra tj\u00e4nster, kontaktar v\u00e5r kundtj\u00e4nst, deltar p\u00e5 v\u00e5ra t\u00e4vlingar eller vid andra kontakter med oss. Exempel p\u00e5 personuppgifter som vi samlar in om dig vid dessa tillf\u00e4llen \u00e4r ditt namn, din e-postadress och din IP-adress. \u00c4renderelaterad korrespondens (t.ex. personuppgifter som du l\u00e4mnar vid kontakter med v\u00e5r kundtj\u00e4nst. Allm\u00e4nt sett sparar vi dina uppgifter s\u00e5 l\u00e4nge som uppgifterna \u00e4r n\u00f6dv\u00e4ndiga f\u00f6r att uppfylla \u00e4ndam\u00e5len som vi samlade in dina uppgifter f\u00f6r. Uppgifterna kan ocks\u00e5 komma att sparas under den tid som kr\u00e4vs enligt till\u00e4mplig lag. V\u00e5rt ber\u00e4ttigade intresse av att kunna genomf\u00f6ra och administrera v\u00e5ra t\u00e4vlingar. Vi kommunicerar med dig som deltar i v\u00e5ra t\u00e4vlingar n\u00e4r det beh\u00f6vs f\u00f6r t\u00e4vlingens genomf\u00f6rande. Vi utser vinnare och f\u00f6rmedlar vinster som g\u00e4ller f\u00f6r t\u00e4vlingen. Vi bekr\u00e4ftar din identitet. Behandling av personuppgifter f\u00f6r att f\u00f6lja upp genomf\u00f6rd t\u00e4vling i syfte att utv\u00e4rdera t\u00e4vlingen s\u00e5 att vi kan f\u00f6rb\u00e4ttra framtida t\u00e4vlingar. Vi skickar direktmarknadsf\u00f6ring via e-post, sms, sociala medier eller andra liknande digitala kanaler och post. Vi genomf\u00f6r kampanjer eller skickar erbjudanden och inbjudningar till event. Vi anv\u00e4nder dina personuppgifter f\u00f6r att skicka dig kampanjinformation, erbjudanden, och inbjudningar via e-postmeddelanden, sms och postala utskick. Vi anv\u00e4nder cookies och andra liknande sp\u00e5rningstekniker. V\u00e5rt ber\u00e4ttigade intresse av att kunna marknadsf\u00f6ra v\u00e5rt f\u00f6retag och v\u00e5ra produkter och tj\u00e4nster. Vi analyserar dina uppgifter f\u00f6r att g\u00f6ra v\u00e5ra tj\u00e4nster mer anv\u00e4ndarv\u00e4nliga, som exempelvis att anpassa anv\u00e4ndargr\u00e4nssnittet f\u00f6r att underl\u00e4tta informationsfl\u00f6det eller f\u00f6r att belysa funktioner som ofta anv\u00e4nds av v\u00e5ra kunder i v\u00e5ra digitala kanaler och f\u00f6r att f\u00f6rb\u00e4ttra IT-systemen i syfte att \u00f6ka s\u00e4kerheten f\u00f6r v\u00e5ra kunder i allm\u00e4nhet. Vi utreder och f\u00f6rhindrar bedr\u00e4gerier eller andra lag\u00f6vertr\u00e4delser. Vi kan vara tvungna att behandla dina personuppgifter f\u00f6r att uppfylla r\u00e4ttsliga f\u00f6rpliktelser, enligt krav i lagar, domar eller myndighetsbeslut. Kraven kan g\u00e4lla v\u00e5rt produktansvar eller s\u00e4kerheten f\u00f6r v\u00e5ra produkter.<\/p>\n<\/div><\/div><style type=\"text\/css\">.fusion-body .fusion-builder-column-0{width:100% !important;margin-top : 0px;margin-bottom : 20px;}.fusion-builder-column-0 > .fusion-column-wrapper {padding-top : 0px !important;padding-right : 0px !important;margin-right : 1.92%;padding-bottom : 0px !important;padding-left : 0px !important;margin-left : 1.92%;}@media only screen and (max-width:1024px) {.fusion-body .fusion-builder-column-0{width:100% !important;order : 0;}.fusion-builder-column-0 > .fusion-column-wrapper {margin-right : 1.92%;margin-left : 1.92%;}}@media only screen and (max-width:640px) {.fusion-body .fusion-builder-column-0{width:100% !important;order : 0;}.fusion-builder-column-0 > .fusion-column-wrapper {margin-right : 1.92%;margin-left : 1.92%;}}<\/style><\/div><\/div><style type=\"text\/css\">.fusion-body .fusion-flex-container.fusion-builder-row-1{ padding-top : 0px;margin-top : 0px;padding-right : 0px;padding-bottom : 0px;margin-bottom : 0px;padding-left : 0px;}<\/style><\/div>","protected":false},"excerpt":{"rendered":"","protected":false},"author":1,"featured_media":0,"parent":0,"menu_order":0,"comment_status":"closed","ping_status":"closed","template":"","meta":[],"_links":{"self":[{"href":"https:\/\/musikbingo.se\/en\/wp-json\/wp\/v2\/pages\/1135"}],"collection":[{"href":"https:\/\/musikbingo.se\/en\/wp-json\/wp\/v2\/pages"}],"about":[{"href":"https:\/\/musikbingo.se\/en\/wp-json\/wp\/v2\/types\/page"}],"author":[{"embeddable":true,"href":"https:\/\/musikbingo.se\/en\/wp-json\/wp\/v2\/users\/1"}],"replies":[{"embeddable":true,"href":"https:\/\/musikbingo.se\/en\/wp-json\/wp\/v2\/comments?post=1135"}],"version-history":[{"count":2,"href":"https:\/\/musikbingo.se\/en\/wp-json\/wp\/v2\/pages\/1135\/revisions"}],"predecessor-version":[{"id":1411,"href":"https:\/\/musikbingo.se\/en\/wp-json\/wp\/v2\/pages\/1135\/revisions\/1411"}],"wp:attachment":[{"href":"https:\/\/musikbingo.se\/en\/wp-json\/wp\/v2\/media?parent=1135"}],"curies":[{"name":"wp","href":"https:\/\/api.w.org\/{rel}","templated":true}]}}