{"id":46,"date":"2020-11-18T12:26:08","date_gmt":"2020-11-18T09:26:08","guid":{"rendered":"https:\/\/musikbingo.se\/?page_id=46"},"modified":"2021-03-08T23:01:31","modified_gmt":"2021-03-08T22:01:31","slug":"spelare","status":"publish","type":"page","link":"https:\/\/musikbingo.se\/en\/spelare\/","title":{"rendered":"Spelare"},"content":{"rendered":"<div class=\"fusion-fullwidth fullwidth-box fusion-builder-row-1 fusion-flex-container nonhundred-percent-fullwidth non-hundred-percent-height-scrolling\" style=\"background-color: rgba(255,255,255,0);background-position: center center;background-repeat: no-repeat;border-width: 0px 0px 0px 0px;border-color:#eae9e9;border-style:solid;\" ><div class=\"fusion-builder-row fusion-row fusion-flex-align-items-flex-start\" style=\"max-width:1185.6px;margin-left: calc(-4% \/ 2 );margin-right: calc(-4% \/ 2 );\"><div class=\"fusion-layout-column fusion_builder_column fusion-builder-column-0 fusion_builder_column_1_1 1_1 fusion-flex-column\"><div class=\"fusion-column-wrapper fusion-flex-justify-content-flex-start fusion-content-layout-column\" style=\"background-position:left top;background-repeat:no-repeat;-webkit-background-size:cover;-moz-background-size:cover;-o-background-size:cover;background-size:cover;padding: 0px 0px 0px 0px;\"><div class=\"fusion-content-boxes content-boxes columns row fusion-columns-1 fusion-columns-total-1 fusion-content-boxes-1 content-boxes-icon-with-title content-left\" data-animationoffset=\"top-into-view\" style=\"margin-top:0px;margin-bottom:60px;\"><style type=\"text\/css\">.fusion-content-boxes-1 .heading .content-box-heading {color:#333333;}\n\t\t\t\t\t.fusion-content-boxes-1 .fusion-content-box-hover .link-area-link-icon-hover .heading .content-box-heading,\n\t\t\t\t\t.fusion-content-boxes-1 .fusion-content-box-hover .link-area-link-icon-hover .heading .heading-link .content-box-heading,\n\t\t\t\t\t.fusion-content-boxes-1 .fusion-content-box-hover .link-area-box-hover .heading .content-box-heading,\n\t\t\t\t\t.fusion-content-boxes-1 .fusion-content-box-hover .link-area-box-hover .heading .heading-link .content-box-heading,\n\t\t\t\t\t.fusion-content-boxes-1 .fusion-content-box-hover .link-area-link-icon-hover.link-area-box .fusion-read-more,\n\t\t\t\t\t.fusion-content-boxes-1 .fusion-content-box-hover .link-area-link-icon-hover.link-area-box .fusion-read-more::after,\n\t\t\t\t\t.fusion-content-boxes-1 .fusion-content-box-hover .link-area-link-icon-hover.link-area-box .fusion-read-more::before,\n\t\t\t\t\t.fusion-content-boxes-1 .fusion-content-box-hover .fusion-read-more:hover:after,\n\t\t\t\t\t.fusion-content-boxes-1 .fusion-content-box-hover .fusion-read-more:hover:before,\n\t\t\t\t\t.fusion-content-boxes-1 .fusion-content-box-hover .fusion-read-more:hover,\n\t\t\t\t\t.fusion-content-boxes-1 .fusion-content-box-hover .link-area-box-hover.link-area-box .fusion-read-more,\n\t\t\t\t\t.fusion-content-boxes-1 .fusion-content-box-hover .link-area-box-hover.link-area-box .fusion-read-more::after,\n\t\t\t\t\t.fusion-content-boxes-1 .fusion-content-box-hover .link-area-box-hover.link-area-box .fusion-read-more::before,\n\t\t\t\t\t.fusion-content-boxes-1 .fusion-content-box-hover .link-area-link-icon-hover .icon .circle-no,\n\t\t\t\t\t.fusion-content-boxes-1 .heading .heading-link:hover .content-box-heading {\n\t\t\t\t\t\tcolor: #65bc7b;\n\t\t\t\t\t}\n\t\t\t\t\t.fusion-content-boxes-1 .fusion-content-box-hover .link-area-box-hover .icon .circle-no {\n\t\t\t\t\t\tcolor: #65bc7b !important;\n\t\t\t\t\t}.fusion-content-boxes-1 .fusion-content-box-hover .link-area-box.link-area-box-hover .fusion-content-box-button {background: #c1211b;color: #ffffff;}.fusion-content-boxes-1 .fusion-content-box-hover .link-area-box.link-area-box-hover .fusion-content-box-button .fusion-button-text {color: #ffffff;}\n\t\t\t\t\t.fusion-content-boxes-1 .fusion-content-box-hover .link-area-link-icon-hover .heading .icon > span {\n\t\t\t\t\t\tbackground-color: #65bc7b !important;\n\t\t\t\t\t}\n\t\t\t\t\t.fusion-content-boxes-1 .fusion-content-box-hover .link-area-box-hover .heading .icon > span {\n\t\t\t\t\t\tborder-color: #65bc7b !important;\n\t\t\t\t\t}<\/style><div class=\"fusion-column content-box-column content-box-column content-box-column-1 col-lg-12 col-md-12 col-sm-12 fusion-content-box-hover content-box-column-last content-box-column-last-in-row\"><div class=\"col content-box-wrapper content-wrapper link-area-link-icon link-type-button content-icon-wrapper-yes icon-hover-animation-fade\" style=\"background-color:rgba(255,255,255,0);\" data-animationoffset=\"top-into-view\"><div class=\"heading heading-with-icon icon-left\"><a class=\"heading-link\" style=\"float:left;\" href=\"https:\/\/musikbingo.se\/en\/contact\/\" target=\"_self\"><div class=\"icon\"><span style=\"height:86px;width:86px;line-height:44px;border-color:rgba(255,255,255,0);border-width:1px;border-style:solid;background-color:#333333;box-sizing:content-box;border-radius:50%;\"><i style=\"border-color:#333333;border-width:1px;background-color:#23a801;box-sizing:content-box;height:84px;width:84px;line-height:84px;border-radius:50%;position:relative;top:auto;left:auto;margin:0;border-radius:50%;color:#ffffff;font-size:42px;\" aria-hidden=\"true\" class=\"fontawesome-icon fa-child fas circle-yes\"><\/i><\/span><\/div><h2 class=\"content-box-heading fusion-responsive-typography-calculated\" style=\"font-size:36px;--fontSize:36;line-height:1.5;\">HUR SPELAR JAG?<\/h2><\/a><\/div><div class=\"fusion-clearfix\"><\/div><div class=\"content-container\" style=\"color:#747474;\">\n<p><b>1. SPONSOR<\/b><br \/>\nEtt f\u00f6retag blir kund hos oss och de kan nu best\u00e4lla bingobrickor.<br \/>\nVi kallar F\u00f6retaget f\u00f6r Sponsor eftersom de sponsrar dig s\u00e5 att du kan spela gratis!<\/p>\n<p><b>2. N\u00c4R VAR HUR<\/b><br \/>\nF\u00f6retaget marknadsf\u00f6r evenemanget p\u00e5 sina egna sociala medier, Facebook, Instagram, hemsida m.m.<br \/>\nH\u00e4r f\u00e5r du reda p\u00e5 datum och tidpunkt, samt hur du g\u00e5r till v\u00e4ga f\u00f6r att f\u00e5 en bingobricka.<br \/>\nF\u00f6retaget kan erbjuda detta i n\u00e5gon slags kampanj, det finns m\u00e5nga m\u00f6jligheter!<\/p>\n<p><b>3. BINGOBRICKAN<\/b><br \/>\nDu f\u00e5r en bingobricka ifr\u00e5n F\u00f6retaget (restaurang\/caf\u00e9 eller liknande).<br \/>\nNu har du bingobrickan framf\u00f6r dig. Alla bingobrickor \u00e4r olika.<br \/>\nIst\u00e4llet f\u00f6r siffror i rutorna s\u00e5 st\u00e5r det namn p\u00e5 olika artister eller grupper.<br \/>\nDatum och tid, PIN-kod och ditt eget unika Bingonummer f\u00f6r spelet st\u00e5r angivet p\u00e5 bingobrickan.<br \/>\nDu ser \u00e4ven en l\u00e4nk till hemsidan d\u00e4r du ska logga in med dina uppgifter, g\u00f6r detta med din mobiltelefon eller dator.<br \/>\nVad som beh\u00f6vs \u00e4r allts\u00e5 en bingobricka, en penna, samt din mobiltelefon (eller dator\/surfplatta) f\u00f6r att kunna spela.<br \/>\nDu kan b\u00f6rja logga in ca 30 minuter innan t\u00e4vlingen startar och det g\u00f6r du h\u00e4r: <a href=\"https:\/\/musikbingo.se\/en\/play\/\">musikbingo.se\/play<\/a><\/p>\n<p>Nu kommer du till v\u00e5r webbradio med programledare som pratar, underh\u00e5ller och spelar l\u00e5tarna.<br \/>\nH\u00e4r har du ocks\u00e5 en svarsruta d\u00e4r du skriver dina svar.<br \/>\nL\u00e5tarna spelas upp slumpm\u00e4ssigt (datorn v\u00e4ljer ordningen) och n\u00e4r du h\u00f6r en s\u00e5ng s\u00e5 kryssar du i rutan med r\u00e4tt artist\/grupp med din egen penna.<br \/>\nH\u00e4r g\u00e4ller det att veta vilken artist\/grupp det \u00e4r som spelas, s\u00e5 det kr\u00e4vs b\u00e5de tur och skicklighet f\u00f6r att vinna.<br \/>\nOm du \u00e4r f\u00f6rst med en bingorad antingen lodr\u00e4tt eller v\u00e5gr\u00e4tt, s\u00e5 skriver du BINGO i formul\u00e4ret och klickar p\u00e5 SKICKA-knappen!<br \/>\nEfter att programledaren snabbt kollat upp s\u00e5 att det st\u00e4mmer s\u00e5 registreras du som vinnare.<\/p>\n<p>D\u00e4refter forts\u00e4tter programledaren att spela l\u00e5tar och nu \u00e4r det f\u00f6rst till tv\u00e5 rader som g\u00e4ller, o.s.v.<br \/>\nDet kan \u00e4ven bli ett antal Quiz-fr\u00e5gor under spelets g\u00e5ng, du som svarar snabbast med r\u00e4tt svar vinner.<br \/>\nDet finns allts\u00e5 flera vinstchanser i varje spel!<\/p>\n<p><b>4. VINSTER<\/b><br \/>\nOm du vinner s\u00e5 f\u00e5r du ett pris ifr\u00e5n F\u00f6retaget som gav dig Bingobrickan. Alla vinnare syns direkt efter spelet p\u00e5 v\u00e5r hemsida. Vid vinst, ta med din Bingobricka samt din legitimation och visa upp till F\u00f6retaget inom 7 dygn. F\u00f6retaget ser direkt p\u00e5 v\u00e5r hemsida om din vinst \u00e4r giltig. Varje F\u00f6retag best\u00e4mmer sj\u00e4lva vad f\u00f6r slags pris\/presentkort som du kan vinna. Det \u00e4r allts\u00e5 f\u00f6retaget som har sponsrat dig med bingobrickan som tillhandah\u00e5ller eventuella vinstpriser, detta \u00e4r inget som vi ansvarar f\u00f6r. V\u00e4rde p\u00e5 presentkort brukar ligga p\u00e5 ca 50-200 kr. Men det viktigaste \u00e4r ju inte att vinna, vi t\u00e4vlar ju mest f\u00f6r att ha skoj!<\/p>\n<p>MUSIKBINGO \u2013 lyssna p\u00e5 sk\u00f6n musik, sjung med, t\u00e4vla &amp; vinn!<\/p>\n<p>Ha koll p\u00e5 olika F\u00f6retags facebook och deras andra sociala medier om och n\u00e4r de erbjuder dig att vara med och spela MUSIKBINGO. F\u00f6rhoppningsvis s\u00e5 erbjuder de detta p\u00e5 \u00e5terkommande dagar. Om de inte erbjuder detta i nul\u00e4get s\u00e5 tipsa oss s\u00e5 tar vi g\u00e4rna kontakt med dem. Skriv F\u00f6retagets namn och ort i ett meddelande till oss. Tack p\u00e5 f\u00f6rhand!<a href=\"https:\/\/musikbingo.se\/en\/how-it-works\/contact\/\"><br \/>\n<\/a><\/p>\n<\/div><div class=\"fusion-clearfix\"><\/div><a class=\"fusion-read-more-button fusion-content-box-button fusion-button button-default button-large button- button-flat\" style=\"float:left;\" href=\"https:\/\/musikbingo.se\/en\/contact\/\" target=\"_self\"><span class=\"fusion-button-text\">KONTAKTA OSS<\/span><\/a><div class=\"fusion-clearfix\"><\/div><\/div><\/div><style type=\"text\/css\">\n\t\t\t\t\t\t.fusion-content-boxes-1 .fusion-content-box-hover .heading-link:hover .icon i.circle-yes,\n\t\t\t\t\t\t.fusion-content-boxes-1 .fusion-content-box-hover .link-area-box:hover .heading-link .icon i.circle-yes,\n\t\t\t\t\t\t.fusion-content-boxes-1 .fusion-content-box-hover .link-area-link-icon-hover .heading .icon i.circle-yes,\n\t\t\t\t\t\t.fusion-content-boxes-1 .fusion-content-box-hover .link-area-box-hover .heading .icon i.circle-yes {\n\t\t\t\t\t\t\tbackground-color: #65bc7b !important;\n\t\t\t\t\t\t\tborder-color: #65bc7b !important;\n\t\t\t\t\t\t}<\/style><div class=\"fusion-clearfix\"><\/div><\/div><\/div><style type=\"text\/css\">.fusion-body .fusion-builder-column-0{width:100% !important;margin-top : 0px;margin-bottom : 20px;}.fusion-builder-column-0 > .fusion-column-wrapper {padding-top : 0px !important;padding-right : 0px !important;margin-right : 1.92%;padding-bottom : 0px !important;padding-left : 0px !important;margin-left : 1.92%;}@media only screen and (max-width:1024px) {.fusion-body .fusion-builder-column-0{width:100% !important;order : 0;}.fusion-builder-column-0 > .fusion-column-wrapper {margin-right : 1.92%;margin-left : 1.92%;}}@media only screen and (max-width:640px) {.fusion-body .fusion-builder-column-0{width:100% !important;order : 0;}.fusion-builder-column-0 > .fusion-column-wrapper {margin-right : 1.92%;margin-left : 1.92%;}}<\/style><\/div><\/div><style type=\"text\/css\">.fusion-body .fusion-flex-container.fusion-builder-row-1{ padding-top : 0px;margin-top : 0px;padding-right : 0px;padding-bottom : 0px;margin-bottom : 0px;padding-left : 0px;}<\/style><\/div>","protected":false},"excerpt":{"rendered":"","protected":false},"author":1,"featured_media":0,"parent":0,"menu_order":0,"comment_status":"closed","ping_status":"closed","template":"","meta":[],"_links":{"self":[{"href":"https:\/\/musikbingo.se\/en\/wp-json\/wp\/v2\/pages\/46"}],"collection":[{"href":"https:\/\/musikbingo.se\/en\/wp-json\/wp\/v2\/pages"}],"about":[{"href":"https:\/\/musikbingo.se\/en\/wp-json\/wp\/v2\/types\/page"}],"author":[{"embeddable":true,"href":"https:\/\/musikbingo.se\/en\/wp-json\/wp\/v2\/users\/1"}],"replies":[{"embeddable":true,"href":"https:\/\/musikbingo.se\/en\/wp-json\/wp\/v2\/comments?post=46"}],"version-history":[{"count":63,"href":"https:\/\/musikbingo.se\/en\/wp-json\/wp\/v2\/pages\/46\/revisions"}],"predecessor-version":[{"id":1433,"href":"https:\/\/musikbingo.se\/en\/wp-json\/wp\/v2\/pages\/46\/revisions\/1433"}],"wp:attachment":[{"href":"https:\/\/musikbingo.se\/en\/wp-json\/wp\/v2\/media?parent=46"}],"curies":[{"name":"wp","href":"https:\/\/api.w.org\/{rel}","templated":true}]}}