{"id":526,"date":"2020-12-17T18:10:49","date_gmt":"2020-12-17T15:10:49","guid":{"rendered":"https:\/\/musikbingo.se\/?page_id=526"},"modified":"2021-03-08T17:24:07","modified_gmt":"2021-03-08T16:24:07","slug":"information","status":"publish","type":"page","link":"https:\/\/musikbingo.se\/en\/information\/","title":{"rendered":"GUIDE s\u00e5 k\u00f6per du"},"content":{"rendered":"<div class=\"fusion-fullwidth fullwidth-box fusion-builder-row-1 fusion-flex-container nonhundred-percent-fullwidth non-hundred-percent-height-scrolling\" style=\"background-color: rgba(255,255,255,0);background-position: center center;background-repeat: no-repeat;border-width: 0px 0px 0px 0px;border-color:#eae9e9;border-style:solid;\" ><div class=\"fusion-builder-row fusion-row fusion-flex-align-items-flex-start\" style=\"max-width:1185.6px;margin-left: calc(-4% \/ 2 );margin-right: calc(-4% \/ 2 );\"><div class=\"fusion-layout-column fusion_builder_column fusion-builder-column-0 fusion_builder_column_1_1 1_1 fusion-flex-column\"><div class=\"fusion-column-wrapper fusion-flex-justify-content-flex-start fusion-content-layout-column\" style=\"background-position:left top;background-repeat:no-repeat;-webkit-background-size:cover;-moz-background-size:cover;-o-background-size:cover;background-size:cover;padding: 0px 0px 0px 0px;\"><div class=\"fusion-text fusion-text-1\"><h2>GUIDE s\u00e5 k\u00f6per du<\/h2>\n<p>S\u00e5 h\u00e4r g\u00f6r du&#8230;<\/p>\n<ul>\n<li>Klicka p\u00e5 SHOP-knappen som du ser rakt ovanf\u00f6r denna texten.<\/li>\n<li>Nu ser du kalendern,\u00a0 v\u00e4lj du datum\/event som du \u00e4r intresserad av. Nu kommer eventet upp i en egen sida. H\u00e4r ser du information om eventet, programledaren m.m. N\u00e4stan l\u00e4ngst ner s\u00e5 ser du k\u00f6pknappen. V\u00e4lj antal. Minsta antal \u00e4r 20 st. Kolla s\u00e5 att alla uppgifter st\u00e4mmer och att du har godk\u00e4nt v\u00e5ra k\u00f6pvillkor, v\u00e4lj d\u00e4refter SLUTF\u00d6R K\u00d6P.<\/li>\n<li>Nu kommer du till kassan, dags att betala. V\u00e4lj att betala med VISA, Mastercard eller Faktura. All betalning sker tryggt med Payson som \u00e4gs av v\u00e4lk\u00e4nda Svea Ekonomi. Efter att betalningen \u00e4r gjord s\u00e5 f\u00e5r du n\u00e4stan direkt ett bekr\u00e4ftelsemail och sedan kort d\u00e4refter ett mail som inneh\u00e5ller en l\u00e4nk till dina bingobrickor. Det g\u00e5r snabbt.<br \/>\nKlicka p\u00e5 l\u00e4nken, ladda hem PDF-filen och nu skriver du ut bingobrickorna p\u00e5 din egen skrivare. Klart!<\/li>\n<li>Om du inte skulle f\u00e5 n\u00e5got mail s\u00e5 kolla Skr\u00e4pposten s\u00e5 att mailet inte har hamnat d\u00e4r av misstag.<\/li>\n<li>Eller ladda hem dina Bingobrickor direkt fr\u00e5n denna sidan. Klicka p\u00e5 &#8220;Best\u00e4llningar&#8221; h\u00e4r i v\u00e4nstra kolumnen.<br \/>\nV\u00e4lj &#8220;Ladda ner PDF&#8221;.<\/li>\n<\/ul>\n<\/div><\/div><style type=\"text\/css\">.fusion-body .fusion-builder-column-0{width:100% !important;margin-top : 0px;margin-bottom : 20px;}.fusion-builder-column-0 > .fusion-column-wrapper {padding-top : 0px !important;padding-right : 0px !important;margin-right : 1.92%;padding-bottom : 0px !important;padding-left : 0px !important;margin-left : 1.92%;}@media only screen and (max-width:1024px) {.fusion-body .fusion-builder-column-0{width:100% !important;order : 0;}.fusion-builder-column-0 > .fusion-column-wrapper {margin-right : 1.92%;margin-left : 1.92%;}}@media only screen and (max-width:640px) {.fusion-body .fusion-builder-column-0{width:100% !important;order : 0;}.fusion-builder-column-0 > .fusion-column-wrapper {margin-right : 1.92%;margin-left : 1.92%;}}<\/style><\/div><\/div><style type=\"text\/css\">.fusion-body .fusion-flex-container.fusion-builder-row-1{ padding-top : 0px;margin-top : 0px;padding-right : 0px;padding-bottom : 0px;margin-bottom : 0px;padding-left : 0px;}<\/style><\/div>","protected":false},"excerpt":{"rendered":"","protected":false},"author":1,"featured_media":0,"parent":0,"menu_order":0,"comment_status":"closed","ping_status":"closed","template":"","meta":[],"_links":{"self":[{"href":"https:\/\/musikbingo.se\/en\/wp-json\/wp\/v2\/pages\/526"}],"collection":[{"href":"https:\/\/musikbingo.se\/en\/wp-json\/wp\/v2\/pages"}],"about":[{"href":"https:\/\/musikbingo.se\/en\/wp-json\/wp\/v2\/types\/page"}],"author":[{"embeddable":true,"href":"https:\/\/musikbingo.se\/en\/wp-json\/wp\/v2\/users\/1"}],"replies":[{"embeddable":true,"href":"https:\/\/musikbingo.se\/en\/wp-json\/wp\/v2\/comments?post=526"}],"version-history":[{"count":14,"href":"https:\/\/musikbingo.se\/en\/wp-json\/wp\/v2\/pages\/526\/revisions"}],"predecessor-version":[{"id":1423,"href":"https:\/\/musikbingo.se\/en\/wp-json\/wp\/v2\/pages\/526\/revisions\/1423"}],"wp:attachment":[{"href":"https:\/\/musikbingo.se\/en\/wp-json\/wp\/v2\/media?parent=526"}],"curies":[{"name":"wp","href":"https:\/\/api.w.org\/{rel}","templated":true}]}}