{"id":908,"date":"2021-01-19T18:44:24","date_gmt":"2021-01-19T15:44:24","guid":{"rendered":"https:\/\/musikbingo.se\/?page_id=908"},"modified":"2021-03-11T20:50:23","modified_gmt":"2021-03-11T19:50:23","slug":"vara-kopvillkor","status":"publish","type":"page","link":"https:\/\/musikbingo.se\/en\/vara-kopvillkor\/","title":{"rendered":"V\u00e5ra k\u00f6pvillkor"},"content":{"rendered":"<div class=\"fusion-fullwidth fullwidth-box fusion-builder-row-1 fusion-flex-container nonhundred-percent-fullwidth non-hundred-percent-height-scrolling\" style=\"background-color: rgba(255,255,255,0);background-position: center center;background-repeat: no-repeat;border-width: 0px 0px 0px 0px;border-color:#eae9e9;border-style:solid;\" ><div class=\"fusion-builder-row fusion-row fusion-flex-align-items-flex-start\" style=\"max-width:calc( 1140px + 0px );margin-left: calc(-0px \/ 2 );margin-right: calc(-0px \/ 2 );\"><div class=\"fusion-layout-column fusion_builder_column fusion-builder-column-0 fusion_builder_column_1_1 1_1 fusion-flex-column\"><div class=\"fusion-column-wrapper fusion-flex-justify-content-flex-start fusion-content-layout-column\" style=\"background-position:left top;background-repeat:no-repeat;-webkit-background-size:cover;-moz-background-size:cover;-o-background-size:cover;background-size:cover;padding: 0px 0px 0px 0px;\"><div class=\"fusion-content-boxes content-boxes columns row fusion-columns-1 fusion-columns-total-1 fusion-content-boxes-1 content-boxes-icon-with-title content-left\" data-animationoffset=\"top-into-view\" style=\"margin-top:0px;margin-bottom:60px;\"><style type=\"text\/css\">.fusion-content-boxes-1 .heading .content-box-heading {color:#333333;}\n\t\t\t\t\t.fusion-content-boxes-1 .fusion-content-box-hover .link-area-link-icon-hover .heading .content-box-heading,\n\t\t\t\t\t.fusion-content-boxes-1 .fusion-content-box-hover .link-area-link-icon-hover .heading .heading-link .content-box-heading,\n\t\t\t\t\t.fusion-content-boxes-1 .fusion-content-box-hover .link-area-box-hover .heading .content-box-heading,\n\t\t\t\t\t.fusion-content-boxes-1 .fusion-content-box-hover .link-area-box-hover .heading .heading-link .content-box-heading,\n\t\t\t\t\t.fusion-content-boxes-1 .fusion-content-box-hover .link-area-link-icon-hover.link-area-box .fusion-read-more,\n\t\t\t\t\t.fusion-content-boxes-1 .fusion-content-box-hover .link-area-link-icon-hover.link-area-box .fusion-read-more::after,\n\t\t\t\t\t.fusion-content-boxes-1 .fusion-content-box-hover .link-area-link-icon-hover.link-area-box .fusion-read-more::before,\n\t\t\t\t\t.fusion-content-boxes-1 .fusion-content-box-hover .fusion-read-more:hover:after,\n\t\t\t\t\t.fusion-content-boxes-1 .fusion-content-box-hover .fusion-read-more:hover:before,\n\t\t\t\t\t.fusion-content-boxes-1 .fusion-content-box-hover .fusion-read-more:hover,\n\t\t\t\t\t.fusion-content-boxes-1 .fusion-content-box-hover .link-area-box-hover.link-area-box .fusion-read-more,\n\t\t\t\t\t.fusion-content-boxes-1 .fusion-content-box-hover .link-area-box-hover.link-area-box .fusion-read-more::after,\n\t\t\t\t\t.fusion-content-boxes-1 .fusion-content-box-hover .link-area-box-hover.link-area-box .fusion-read-more::before,\n\t\t\t\t\t.fusion-content-boxes-1 .fusion-content-box-hover .link-area-link-icon-hover .icon .circle-no,\n\t\t\t\t\t.fusion-content-boxes-1 .heading .heading-link:hover .content-box-heading {\n\t\t\t\t\t\tcolor: #65bc7b;\n\t\t\t\t\t}\n\t\t\t\t\t.fusion-content-boxes-1 .fusion-content-box-hover .link-area-box-hover .icon .circle-no {\n\t\t\t\t\t\tcolor: #65bc7b !important;\n\t\t\t\t\t}.fusion-content-boxes-1 .fusion-content-box-hover .link-area-box.link-area-box-hover .fusion-content-box-button {background: #c1211b;color: #ffffff;}.fusion-content-boxes-1 .fusion-content-box-hover .link-area-box.link-area-box-hover .fusion-content-box-button .fusion-button-text {color: #ffffff;}\n\t\t\t\t\t.fusion-content-boxes-1 .fusion-content-box-hover .link-area-link-icon-hover .heading .icon > span {\n\t\t\t\t\t\tbackground-color: #65bc7b !important;\n\t\t\t\t\t}\n\t\t\t\t\t.fusion-content-boxes-1 .fusion-content-box-hover .link-area-box-hover .heading .icon > span {\n\t\t\t\t\t\tborder-color: #65bc7b !important;\n\t\t\t\t\t}<\/style><div class=\"fusion-column content-box-column content-box-column content-box-column-1 col-lg-12 col-md-12 col-sm-12 fusion-content-box-hover content-box-column-last content-box-column-last-in-row\"><div class=\"col content-box-wrapper content-wrapper link-area-link-icon content-icon-wrapper-yes icon-hover-animation-fade\" style=\"background-color:rgba(255,255,255,0);\" data-animationoffset=\"top-into-view\"><div class=\"heading heading-with-icon icon-left\"><div class=\"icon\"><span style=\"height:86px;width:86px;line-height:44px;border-color:rgba(255,255,255,0);border-width:1px;border-style:solid;background-color:#333333;box-sizing:content-box;border-radius:50%;\"><i style=\"border-color:#333333;border-width:1px;background-color:#23a801;box-sizing:content-box;height:84px;width:84px;line-height:84px;border-radius:50%;position:relative;top:auto;left:auto;margin:0;border-radius:50%;color:#ffffff;font-size:42px;\" aria-hidden=\"true\" class=\"fontawesome-icon fa-gavel fas circle-yes\"><\/i><\/span><\/div><h2 class=\"content-box-heading fusion-responsive-typography-calculated\" style=\"font-size:36px;--fontSize:36;line-height:1.5;\">K\u00d6PVILLKOR<\/h2><\/div><div class=\"fusion-clearfix\"><\/div><div class=\"content-container\" style=\"color:#747474;\">\n<p><strong>Inneh\u00e5llsf\u00f6rteckning<br \/>\n<\/strong>1. Allm\u00e4nt<br \/>\n2. Betalning<br \/>\n3. Leverans och frakt<br \/>\n4. \u00c5nger-, retur- och bytesr\u00e4tt<br \/>\n5. Reklamation<br \/>\n6. Reservation<br \/>\n7. \u00d6vrigt<br \/>\n8. Force Majeure<br \/>\n9. Tillst\u00e5nd<br \/>\n10. Personuppgifter och sekretess GDPR<br \/>\n11. Bolagsinformation<\/p>\n<h3>1. Allm\u00e4nt<\/h3>\n<p>Tanken med MUSIKBINGO \u00e4r att ni som f\u00f6retag ska kunna bjuda era g\u00e4ster\/kunder p\u00e5 en rolig upplevelse. Ni kanske vill ge era g\u00e4ster\/kunder ett merv\u00e4rde som tack f\u00f6r att de har nyttjat era tj\u00e4nster\/produkter. En restaurang eller Caf\u00e9 kan t.ex. ge Bingobrickor till alla som best\u00e4ller Take-Away under en viss period.<\/p>\n<p>V\u00e5rt varum\u00e4rke och koncept MUSIKBINGO f\u00e5r endast anv\u00e4ndas utav er n\u00e4r ni k\u00f6pt produkt fr\u00e5n oss f\u00f6r respektive event. Varum\u00e4rket och konceptet MUSIKBINGO f\u00e5r ej anv\u00e4ndas i er egen regi utan v\u00e5rt samtycke. MUSIKBINGO \u00e4r ett registrerat \u00ae och skyddat varum\u00e4rke p\u00e5 Patent- och Registreringsverket PRV. Detta inneb\u00e4r att vi har ensamr\u00e4tt. Om du ser n\u00e5gon annan som arrangerar MUSIKBINGO, och inte har samtycke ifr\u00e5n oss, tipsa oss g\u00e4rna. De g\u00f6r sig i s\u00e5dana fall skyldiga till varum\u00e4rkesintr\u00e5ng som kommer att beivras enligt varum\u00e4rkeslagen (VmL). Exempel p\u00e5 p\u00e5f\u00f6ljd kan vara att d\u00f6mas att betala skadest\u00e5nd och i vissa fall bestraffas med f\u00e4ngelse eller b\u00f6ter genom Patent- och marknadsdomstolen, PMD.<\/p>\n<h3>2. Betalning<\/h3>\n<p>Priserna anges i svenska kronor (SEK) och \u00e4r exklusive moms.<br \/>\nBetalning sker enkelt och tryggt med Payson (\u00e4gs av Svea Ekonomi). Du beh\u00f6ver inte ha ett konto hos Payson sedan tidigare f\u00f6r att kunna betala. Slutf\u00f6r k\u00f6pet direkt med VISA, MasterCard samt de svenska bankerna Swedbank, SEB, Nordea, Danske Bank, Handelsbanken, L\u00e4nsf\u00f6rs\u00e4kringar, Skandiabanken och Sparbanken Syd. Du kan ocks\u00e5 v\u00e4lja att betala i efterhand p\u00e5 faktura eller att delbetala \u00f6ver 3-24 m\u00e5nader. Payson h\u00e5ller h\u00f6ga s\u00e4kerhetskrav och f\u00f6r alla kortbetalningar anv\u00e4nds 3D-secure teknik. Flera miljoner personer har anv\u00e4nt Payson som \u00e4r en v\u00e4lk\u00e4nd betall\u00f6sning p\u00e5 internet sedan 2004. L\u00e4s mer h\u00e4r: www.payson.se<\/p>\n<h3>3. Leverans<\/h3>\n<p>Bingobrickorna (PDF) skickas digitalt direkt till er e-postadress efter er best\u00e4llning\/betalning, s\u00e5 det finns allts\u00e5 inga fraktkostnader. Om ni inte har f\u00e5tt er best\u00e4llning, kolla s\u00e5 att mailet inte hamnat i skr\u00e4pposten. F\u00f6rst s\u00e5 f\u00e5r ni ett e-postmeddelande med bekr\u00e4ftelse p\u00e5 best\u00e4llningen och d\u00e4refter kommer e-postmeddelande med en l\u00e4nk d\u00e4r ni kan ladda hem era bingobrickor. Exempel: vid best\u00e4llning utav 100 bingobrickor s\u00e5 tar det endast ca 1 minut innan er best\u00e4llning skickas ifr\u00e5n oss. Best\u00e4llning av 200 bingobrickor tar ca 2 minuter.<\/p>\n<h3>4. \u00c5ngerr\u00e4tt<\/h3>\n<p>Enligt Lagen om distansavtal s\u00e5 g\u00e4ller \u00e5ngerr\u00e4tt inte bingobrickorna eftersom dessa \u00e4r specialtillverkade varor som levereras\/laddas ner digitalt. Dessutom s\u00e5 har bingobrickorna tryckts\/tillverkats med ert f\u00f6retagsnamn \/ verksamhetsnamn (Sponsor). Bingobrickorna levereras som digitalt inneh\u00e5ll (PDF till din angivna E-postadress). Du kan l\u00e4sa mer om svensk lagstiftning kring k\u00f6p via internet hos <a class=\"tinymce-anchor-element\" href=\"https:\/\/www.hallakonsument.se\/\" target=\"_blank\" rel=\"noopener\">Konsumentverket<\/a>.<\/p>\n<h3>5. Reklamation<\/h3>\n<p>Bingobrickorna \u00e4r tillverkade efter era uppgifter\/\u00f6nskem\u00e5l, men skulle n\u00e5got trots allt bli fel fr\u00e5n v\u00e5r sida s\u00e5 kompenserar vi er sj\u00e4lvklart. Kontakta oss direkt om ni upplever n\u00e5got problem, eller om ni av n\u00e5gon anledning inte \u00e4r n\u00f6jda.<\/p>\n<h3>6. Reservation<\/h3>\n<p>Vi reserverar oss f\u00f6r eventuell tryckfel eller annat fel i kommunikation via hemsida eller andra social medier. Vi \u00e4ger r\u00e4tt att h\u00e4va k\u00f6pet om k\u00f6pare inte uppfyller krav i v\u00e5ra k\u00f6pvillkor. Vi kontaktar i s\u00e5dant fall er via mejl f\u00f6r att se hur detta p\u00e5 b\u00e4sta s\u00e4tt ska l\u00f6sas. Vi \u00e4ger \u00e4ven r\u00e4tt att omedelbart sp\u00e4rra er ifr\u00e5n v\u00e5rt kundregister ifall v\u00e5ra k\u00f6pvillkor inte uppfylls.<\/p>\n<h3>7. \u00d6vrigt<\/h3>\n<p>Om du olovligen handlar fr\u00e5n oss med f\u00f6retagsuppgifter som du inte har tillst\u00e5nd till att nyttja, och om detta inneb\u00e4r ekonomisk eller annan skada f\u00f6r oss, kommer detta att polisanm\u00e4las.<\/p>\n<h3>8. Force Majeure<\/h3>\n<p>Vi vill alla att allt ska fungera bra men det kan kanske trots allt bli of\u00f6rutsedda tekniska problem ifr\u00e5n bredbandsleverant\u00f6r, serverhotell, eln\u00e4tet m.m. Det kanske \u00e4ven kan mot f\u00f6rmodan bli problem med sj\u00e4lva s\u00e4ndningen som programledare (Radiostationer\/Livestream) tillhandah\u00e5ller. Men vi kompenserar er sj\u00e4lvklart om detta mot all f\u00f6rmodan skulle ske genom att ge er en rabattkod med motsvarande v\u00e4rde som ni kan nyttja vid ett senare tillf\u00e4lle. Kontakta oss direkt om ni upplever n\u00e5got problem, eller om ni av n\u00e5gon anledning inte \u00e4r n\u00f6jda. Vi vill naturligtvis ha glada kunder!<br \/>\nD\u00e4remot h\u00e4ndelser som krig, naturkatastrof, strids\u00e5tg\u00e4rder p\u00e5 arbetsmarknaden, myndighetsbeslut, uteblivna leveranser fr\u00e5n underleverant\u00f6rer, f\u00f6rdyrande omst\u00e4ndigheter samt likv\u00e4rdiga h\u00e4ndelser utanf\u00f6r v\u00e5r kontroll, vilka ej kunnat f\u00f6rutses, ska h\u00e4nf\u00f6ras till force majeure. Det inneb\u00e4r att vi befrias fr\u00e5n v\u00e5ra f\u00f6rpliktelser att fullg\u00f6ra ing\u00e5ngna avtal.<\/p>\n<h3>9. Tillst\u00e5nd<\/h3>\n<p>Vi har utformat v\u00e5rt koncept MUSIKBINGO s\u00e5 att det \u00e4r godk\u00e4nt enligt svenska spellagen (SFS 2018:1138).<br \/>\nDet skall alltid vara gratis f\u00f6r era g\u00e4ster\/kunder att delta i t\u00e4vlingen, ni f\u00e5r allts\u00e5 aldrig ta betalt f\u00f6r att era g\u00e4ster\/kunder ska kunna delta i t\u00e4vlingen.<br \/>\nDet kr\u00e4vs b\u00e5de tur och skicklighet f\u00f6r att vinna. Alla som deltar har lika stor chans att vinna.<br \/>\nVinstpriser \u00e4r endast symboliska v\u00e4rden som sk\u00e4nkes fr\u00e5n er f\u00f6retag som sponsrar.<br \/>\nIfall det \u00e4r n\u00e5gon av era g\u00e4ster\/kunder vinner pris, s\u00e5 \u00e5tar ni er att ge ett pris till vinnare som inom sju dygn visar och l\u00e4mnar fysiskt till er en korrekt bingobricka. Varje eventuell vinnare f\u00e5r utav er ett symboliskt vinstpris (presentkort f\u00f6rslagsvis till ett v\u00e4rde mellan 50 till 300 kr. vardera, vinstpris f\u00e5r aldrig vara pengar)<\/p>\n<p>Det \u00e4r olika Programledare, Radiostationer och andra Mediekanaler som genom samarbete med oss erbjuder konceptet MUSIKBINGO p\u00e5 sina s\u00e4ndningar. Programledare s\u00e4nder via internet ( (Webb-TV eller Webb-Radio). Programledare, Radiostationer och andra Mediekanaler (ansvarig utgivare) st\u00e5r sj\u00e4lva f\u00f6r erforderliga och giltiga avtal med Stim och SAMI\/Ifpi f\u00f6r deras musiks\u00e4ndningar.<\/p>\n<h3>10. Personuppgifter och sekretess GDPR<\/h3>\n<p>Eftersom vi endast s\u00e4ljer till f\u00f6retag s\u00e5 samlar vi i allm\u00e4nhet inte in personliga uppgifter. Men i de fall det h\u00e4nder, t.ex. n\u00e4r privatpersoner kontaktar oss och l\u00e4mnar ut sin e-postadress m.m. s\u00e5 finns f\u00e5r du information om detta h\u00e4r nedan.<br \/>\nEn personuppgift \u00e4r en upplysning som handlar om dig och identifierar dig personligen. Det kan t ex handla om namn, adress, e-postadress, telefonnummer, bild eller personnummer. Vi \u00e4r personuppgiftsansvariga f\u00f6r de personuppgifter som du skickar till oss och de vi inh\u00e4mtar om dig fr\u00e5n andra f\u00f6retag och myndigheter. Vi ansvarar f\u00f6r dessa personuppgifter i enlighet med g\u00e4llande dataskyddsbest\u00e4mmelser. Vi kan samla in olika typer av personuppgifter om dig i samband med att du bes\u00f6ker v\u00e5ra webbsidor, best\u00e4ller eller k\u00f6per v\u00e5ra produkter, anv\u00e4nder v\u00e5ra tj\u00e4nster, kontaktar v\u00e5r kundtj\u00e4nst, deltar p\u00e5 v\u00e5ra t\u00e4vlingar eller vid andra kontakter med oss. Exempel p\u00e5 personuppgifter som vi samlar in om dig vid dessa tillf\u00e4llen \u00e4r ditt namn, din e-postadress och din IP-adress. \u00c4renderelaterad korrespondens (t.ex. personuppgifter som du l\u00e4mnar vid kontakter med v\u00e5r kundtj\u00e4nst. Allm\u00e4nt sett sparar vi dina uppgifter s\u00e5 l\u00e4nge som uppgifterna \u00e4r n\u00f6dv\u00e4ndiga f\u00f6r att uppfylla \u00e4ndam\u00e5len som vi samlade in dina uppgifter f\u00f6r. Uppgifterna kan ocks\u00e5 komma att sparas under den tid som kr\u00e4vs enligt till\u00e4mplig lag. Uppgifterna sparas som l\u00e4ngst i 36 m\u00e5nader. V\u00e5rt ber\u00e4ttigade intresse av att kunna genomf\u00f6ra och administrera v\u00e5ra t\u00e4vlingar. Vi kommunicerar med dig som deltar i v\u00e5ra t\u00e4vlingar n\u00e4r det beh\u00f6vs f\u00f6r t\u00e4vlingens genomf\u00f6rande. Vi utser vinnare och f\u00f6rmedlar vinster som g\u00e4ller f\u00f6r t\u00e4vlingen. Vi bekr\u00e4ftar din identitet. Behandling av personuppgifter f\u00f6r att f\u00f6lja upp genomf\u00f6rd t\u00e4vling i syfte att utv\u00e4rdera t\u00e4vlingen s\u00e5 att vi kan f\u00f6rb\u00e4ttra framtida t\u00e4vlingar. Vi skickar direktmarknadsf\u00f6ring via e-post, sms, sociala medier eller andra liknande digitala kanaler och post. Vi genomf\u00f6r kampanjer eller skickar erbjudanden och inbjudningar till event. Vi anv\u00e4nder dina personuppgifter f\u00f6r att skicka dig kampanjinformation, erbjudanden, och inbjudningar via e-postmeddelanden, sms och postala utskick. Vi anv\u00e4nder cookies och andra liknande sp\u00e5rningstekniker. V\u00e5rt ber\u00e4ttigade intresse av att kunna marknadsf\u00f6ra v\u00e5rt f\u00f6retag och v\u00e5ra produkter och tj\u00e4nster. Vi analyserar dina uppgifter f\u00f6r att g\u00f6ra v\u00e5ra tj\u00e4nster mer anv\u00e4ndarv\u00e4nliga, som exempelvis att anpassa anv\u00e4ndargr\u00e4nssnittet f\u00f6r att underl\u00e4tta informationsfl\u00f6det eller f\u00f6r att belysa funktioner som ofta anv\u00e4nds av v\u00e5ra kunder i v\u00e5ra digitala kanaler och f\u00f6r att f\u00f6rb\u00e4ttra IT-systemen i syfte att \u00f6ka s\u00e4kerheten f\u00f6r v\u00e5ra kunder i allm\u00e4nhet. Vi utreder och f\u00f6rhindrar bedr\u00e4gerier eller andra lag\u00f6vertr\u00e4delser. Vi kan vara tvungna att behandla dina personuppgifter f\u00f6r att uppfylla r\u00e4ttsliga f\u00f6rpliktelser, enligt krav i lagar, domar eller myndighetsbeslut. Kraven kan g\u00e4lla v\u00e5rt produktansvar eller s\u00e4kerheten f\u00f6r v\u00e5ra produkter. Kraven kan ocks\u00e5 g\u00e4lla v\u00e5ra skyldigheter enligt bokf\u00f6ringslagen eller penningtv\u00e4ttslagen.<\/p>\n<h3>11. Bolagsinformation<\/h3>\n<p>Kontaktuppgifter<br \/>\nRicco Event<br \/>\nJukebox Radio<br \/>\nMidsommarstigen 10<br \/>\n243 91 H\u00f6\u00f6r<br \/>\nTelefon 0709-205092<\/p>\n<p>info@musikbingo.se<\/p>\n<p>Organisationsnummer 660528-3933<\/p>\n<\/div><\/div><\/div><style type=\"text\/css\">\n\t\t\t\t\t\t.fusion-content-boxes-1 .fusion-content-box-hover .heading-link:hover .icon i.circle-yes,\n\t\t\t\t\t\t.fusion-content-boxes-1 .fusion-content-box-hover .link-area-box:hover .heading-link .icon i.circle-yes,\n\t\t\t\t\t\t.fusion-content-boxes-1 .fusion-content-box-hover .link-area-link-icon-hover .heading .icon i.circle-yes,\n\t\t\t\t\t\t.fusion-content-boxes-1 .fusion-content-box-hover .link-area-box-hover .heading .icon i.circle-yes {\n\t\t\t\t\t\t\tbackground-color: #65bc7b !important;\n\t\t\t\t\t\t\tborder-color: #65bc7b !important;\n\t\t\t\t\t\t}<\/style><div class=\"fusion-clearfix\"><\/div><\/div><\/div><style type=\"text\/css\">.fusion-body .fusion-builder-column-0{width:100% !important;margin-top : 0px;margin-bottom : 0px;}.fusion-builder-column-0 > .fusion-column-wrapper {padding-top : 0px !important;padding-right : 0px !important;margin-right : 0px;padding-bottom : 0px !important;padding-left : 0px !important;margin-left : 0px;}@media only screen and (max-width:1024px) {.fusion-body .fusion-builder-column-0{width:100% !important;}.fusion-builder-column-0 > .fusion-column-wrapper {margin-right : 0px;margin-left : 0px;}}@media only screen and (max-width:640px) {.fusion-body .fusion-builder-column-0{width:100% !important;}.fusion-builder-column-0 > .fusion-column-wrapper {margin-right : 0px;margin-left : 0px;}}<\/style><\/div><\/div><style type=\"text\/css\">.fusion-body .fusion-flex-container.fusion-builder-row-1{ padding-top : 0px;margin-top : 0px;padding-right : 0px;padding-bottom : 0px;margin-bottom : 0px;padding-left : 0px;}<\/style><\/div>","protected":false},"excerpt":{"rendered":"","protected":false},"author":2,"featured_media":0,"parent":0,"menu_order":0,"comment_status":"closed","ping_status":"closed","template":"","meta":[],"_links":{"self":[{"href":"https:\/\/musikbingo.se\/en\/wp-json\/wp\/v2\/pages\/908"}],"collection":[{"href":"https:\/\/musikbingo.se\/en\/wp-json\/wp\/v2\/pages"}],"about":[{"href":"https:\/\/musikbingo.se\/en\/wp-json\/wp\/v2\/types\/page"}],"author":[{"embeddable":true,"href":"https:\/\/musikbingo.se\/en\/wp-json\/wp\/v2\/users\/2"}],"replies":[{"embeddable":true,"href":"https:\/\/musikbingo.se\/en\/wp-json\/wp\/v2\/comments?post=908"}],"version-history":[{"count":63,"href":"https:\/\/musikbingo.se\/en\/wp-json\/wp\/v2\/pages\/908\/revisions"}],"predecessor-version":[{"id":1444,"href":"https:\/\/musikbingo.se\/en\/wp-json\/wp\/v2\/pages\/908\/revisions\/1444"}],"wp:attachment":[{"href":"https:\/\/musikbingo.se\/en\/wp-json\/wp\/v2\/media?parent=908"}],"curies":[{"name":"wp","href":"https:\/\/api.w.org\/{rel}","templated":true}]}}